{"id":1143,"date":"2021-07-16T15:29:51","date_gmt":"2021-07-16T14:29:51","guid":{"rendered":"https:\/\/ceosengineers.hu\/?page_id=1143"},"modified":"2025-08-29T08:04:58","modified_gmt":"2025-08-29T07:04:58","slug":"contact","status":"publish","type":"page","link":"https:\/\/ceosengineers.hu\/en\/contact\/","title":{"rendered":"Contact"},"content":{"rendered":"<p>[vc_row full_width=&#8221;stretch_row_content_no_spaces&#8221; css=&#8221;.vc_custom_1608761801290{margin-bottom: 50px !important;}&#8221; el_class=&#8221;head-bg&#8221;][vc_column]<style type=\"text\/css\" data-type=\"the7_shortcodes-inline-css\">.shortcode-single-image-wrap.shortcode-single-image-23496d33633fa18e522cdf5eb51c12c2.enable-bg-rollover .rollover i,\n.shortcode-single-image-wrap.shortcode-single-image-23496d33633fa18e522cdf5eb51c12c2.enable-bg-rollover .rollover-video i {\n  background: -webkit-linear-gradient();\n  background: linear-gradient();\n}\n.shortcode-single-image-wrap.shortcode-single-image-23496d33633fa18e522cdf5eb51c12c2 .rollover-icon {\n  font-size: 32px;\n  color: #ffffff;\n  min-width: 44px;\n  min-height: 44px;\n  line-height: 44px;\n  border-radius: 100px;\n  border-style: solid;\n  border-width: 0px;\n}\n.dt-icon-bg-on.shortcode-single-image-wrap.shortcode-single-image-23496d33633fa18e522cdf5eb51c12c2 .rollover-icon {\n  background: rgba(255,255,255,0.3);\n  box-shadow: none;\n}\n<\/style><div class=\"shortcode-single-image-wrap shortcode-single-image-23496d33633fa18e522cdf5eb51c12c2 alignnone  enable-bg-rollover dt-icon-bg-off\" style=\"margin-top:0px; margin-bottom:0px; margin-left:0px; margin-right:0px;\"><div class=\"shortcode-single-image\"><div class=\"fancy-media-wrap  layzr-bg\" style=\"\"><img fetchpriority=\"high\" decoding=\"async\" class=\"preload-me lazy-load\" src=\"data:image\/svg+xml,%3Csvg%20xmlns%3D&#39;http%3A%2F%2Fwww.w3.org%2F2000%2Fsvg&#39;%20viewBox%3D&#39;0%200%202560%20850&#39;%2F%3E\" data-src=\"https:\/\/ceosengineers.hu\/wp-content\/uploads\/2021\/01\/ceos-kapcsolat-head-bg-1.jpg\" data-srcset=\"https:\/\/ceosengineers.hu\/wp-content\/uploads\/2021\/01\/ceos-kapcsolat-head-bg-1.jpg 2560w\" width=\"2560\" height=\"850\"  data-dt-location=\"https:\/\/ceosengineers.hu\/en\/kapcsolat\/attachment\/ceos-kapcsolat-head-bg-2\/\" style=\"\" alt=\"\" \/><\/div><\/div><\/div>[\/vc_column][\/vc_row][vc_row el_class=&#8221;contact-partner&#8221;][vc_column width=&#8221;1\/2&#8243;][vc_column_text]<img decoding=\"async\" class=\"wp-image-217 alignleft\" src=\"\/wp-content\/uploads\/2021\/02\/pohl-akos.jpg\" alt=\"\u00c1KOS POHL\" width=\"150\" height=\"150\" \/><\/p>\n<div class=\"partner-language-container\"><span class=\"partner-language\">HU<\/span><\/div>\n<p><span style=\"display: inline-block;\"><span class=\"contact-partner-name\">\u00c1KOS POHL\u00a0<\/span><\/span><br \/>\n<span class=\"partner-assignment\">Managing Director, Structural Engineer, MSc, Engineer-Economist<\/span><br \/>\n<span style=\"display: inline-block;\"><a class=\"partner-link\" href=\"mailto:apohl@ce-os.eu\">apohl@ce-os.eu<\/a><\/span><br \/>\n<span style=\"display: inline-block;\"><a class=\"partner-link\" href=\"tel:+36302423092\">+36 30 242 3092<\/a><\/span><br \/>\n<span style=\"display: inline-block;\"><a class=\"partner-link\" href=\"tel:+36 1 788 4357\">+36 1 788 4357<\/a><\/span>[\/vc_column_text][\/vc_column][vc_column width=&#8221;1\/2&#8243;][vc_column_text]<img decoding=\"async\" class=\"alignleft wp-image-2056\" src=\"\/wp-content\/uploads\/2021\/02\/koller-gyorgy.jpg\" alt=\"Gy\u00f6rgy Koller\" width=\"150\" height=\"150\" \/><\/p>\n<div class=\"partner-language-container\"><span class=\"partner-language\">HU<\/span><\/div>\n<p><span style=\"display: inline-block;\"><span class=\"contact-partner-name\">GY\u00d6RGY KOLLER<\/span><\/span><br \/>\nBusiness Innovations Manager<br \/>\n<span style=\"display: inline-block;\"><a class=\"partner-link\" href=\"mailto:gykoller@ce-os.eu\">gykoller@ce-os.eu<\/a><\/span><br \/>\n<span style=\"display: inline-block;\"><a class=\"partner-link\" href=\"tel:+36307374814\">+36 30 737 4814<\/a><\/span><br \/>\n<span style=\"display: inline-block;\"><a class=\"partner-link\" href=\"tel:+36 1 788 4357\">+36 1 788 4357<\/a><\/span>[\/vc_column_text][\/vc_column][\/vc_row][vc_row el_class=&#8221;contact-partner&#8221;][vc_column width=&#8221;1\/2&#8243;][vc_column_text]<img loading=\"lazy\" decoding=\"async\" class=\"wp-image-217 alignleft\" src=\"\/wp-content\/uploads\/2021\/02\/soos-brigitta.jpg\" alt=\"So\u00f3s Brigitta\" width=\"150\" height=\"150\" \/><\/p>\n<div class=\"partner-language-container\"><span class=\"partner-language\">HU<\/span><\/div>\n<p><span style=\"display: inline-block;\"><span class=\"contact-partner-name\">BRIGITTA SO\u00d3S<\/span><\/span><br \/>\n<span class=\"partner-assignment\">Office Manager<\/span><br \/>\n<span style=\"display: inline-block;\"><a class=\"partner-link\" href=\"mailto:bsoos@ce-os.eu\">bsoos@ce-os.eu<\/a><\/span><br \/>\n<span style=\"display: inline-block;\"><a class=\"partner-link\" href=\"tel:+36703216628\">+36 70 321 6628<\/a><\/span><br \/>\n<span style=\"display: inline-block;\"><a class=\"partner-link\" href=\"tel:+36 1 788 4357\">+36 1 788 4357<\/a><\/span>[\/vc_column_text][\/vc_column][\/vc_row][vc_row css=&#8221;.vc_custom_1613054286396{margin-right: 10px !important;margin-bottom: 35px !important;margin-left: 10px !important;border-top-width: 20px !important;border-right-width: 20px !important;border-bottom-width: 20px !important;border-left-width: 20px !important;padding-top: 20px !important;padding-right: 20px !important;padding-bottom: 20px !important;padding-left: 20px !important;background-color: #eaebec !important;border-left-color: #f7f7f7 !important;border-left-style: solid !important;border-right-color: #f7f7f7 !important;border-right-style: solid !important;border-top-color: #f7f7f7 !important;border-top-style: solid !important;border-bottom-color: #f7f7f7 !important;border-bottom-style: solid !important;}&#8221;][vc_column width=&#8221;1\/2&#8243;]\n<div class=\"wpcf7 no-js\" id=\"wpcf7-f1185-o1\" lang=\"hu-HU\" dir=\"ltr\" data-wpcf7-id=\"1185\">\n<div class=\"screen-reader-response\"><p role=\"status\" aria-live=\"polite\" aria-atomic=\"true\"><\/p> <ul><\/ul><\/div>\n<form action=\"\/en\/wp-json\/wp\/v2\/pages\/1143#wpcf7-f1185-o1\" method=\"post\" class=\"wpcf7-form init\" aria-label=\"Kapcsolatfelv\u00e9teli \u0171rlap\" novalidate=\"novalidate\" data-status=\"init\">\n<div style=\"display: none;\">\n<input type=\"hidden\" name=\"_wpcf7\" value=\"1185\" \/>\n<input type=\"hidden\" name=\"_wpcf7_version\" value=\"6.0.6\" \/>\n<input type=\"hidden\" name=\"_wpcf7_locale\" value=\"hu_HU\" \/>\n<input type=\"hidden\" name=\"_wpcf7_unit_tag\" value=\"wpcf7-f1185-o1\" \/>\n<input type=\"hidden\" name=\"_wpcf7_container_post\" value=\"0\" \/>\n<input type=\"hidden\" name=\"_wpcf7_posted_data_hash\" value=\"\" \/>\n<input type=\"hidden\" name=\"_wpcf7_recaptcha_response\" value=\"\" \/>\n<\/div>\n<h3 class=\"form-title\">Contact Us!\n<\/h3>\n<p style=\"margin-bottom: 40px;\">Please send us a message if you have any questions regarding our services.\n<\/p>\n<div class=\"wpb_row vc_row\">\n\t<div class=\"vc_col-sm-6\">\n\t\t<p class=\"elements\"><label>Name<span style=\"color: #fe1010;\">*<\/span><br \/>\n<span class=\"wpcf7-form-control-wrap\" data-name=\"your-name\"><input size=\"40\" maxlength=\"400\" class=\"wpcf7-form-control wpcf7-text wpcf7-validates-as-required\" aria-required=\"true\" aria-invalid=\"false\" value=\"\" type=\"text\" name=\"your-name\" \/><\/span><\/label>\n\t\t<\/p>\n\t<\/div>\n\t<div class=\"vc_col-sm-6\">\n\t\t<p class=\"elements\"><label>E-mail<span style=\"color: #fe1010;\">*<\/span><br \/>\n<span class=\"wpcf7-form-control-wrap\" data-name=\"your-email\"><input size=\"40\" maxlength=\"400\" class=\"wpcf7-form-control wpcf7-email wpcf7-validates-as-required wpcf7-text wpcf7-validates-as-email\" aria-required=\"true\" aria-invalid=\"false\" value=\"\" type=\"email\" name=\"your-email\" \/><\/span><\/label>\n\t\t<\/p>\n\t<\/div>\n<\/div>\n<div class=\"wpb_row vc_row\">\n\t<div class=\"vc_col-sm-6\">\n\t\t<p class=\"elements\"><label>Telephone<br \/>\n<span class=\"wpcf7-form-control-wrap\" data-name=\"your-phone\"><input size=\"40\" maxlength=\"400\" class=\"wpcf7-form-control wpcf7-text\" aria-invalid=\"false\" value=\"\" type=\"text\" name=\"your-phone\" \/><\/span><\/label>\n\t\t<\/p>\n\t<\/div>\n\t<div class=\"vc_col-sm-6\">\n\t\t<p class=\"elements\"><label>Company name<br \/>\n<span class=\"wpcf7-form-control-wrap\" data-name=\"companys-name\"><input size=\"40\" maxlength=\"400\" class=\"wpcf7-form-control wpcf7-text\" aria-invalid=\"false\" placeholder=\"\" value=\"\" type=\"text\" name=\"companys-name\" \/><\/span><\/label>\n\t\t<\/p>\n\t<\/div>\n<\/div>\n<div class=\"wpb_row vc_row\">\n\t<div class=\"vc_col-sm-12\">\n\t\t<p class=\"elements\"><label>Message<br \/>\n<span class=\"wpcf7-form-control-wrap\" data-name=\"message\"><textarea cols=\"40\" rows=\"10\" maxlength=\"2000\" class=\"wpcf7-form-control wpcf7-textarea\" aria-invalid=\"false\" name=\"message\"><\/textarea><\/span><\/label>\n\t\t<\/p>\n\t<\/div>\n<\/div>\n<div class=\"wpb_row vc_row\">\n\t<div class=\"vc_col-sm-12 checkbox-not-checked\">\n\t\t<p><br \/>\n<span class=\"wpcf7-form-control-wrap\" data-name=\"checkbox-663\"><span class=\"wpcf7-form-control wpcf7-checkbox wpcf7-validates-as-required\"><span class=\"wpcf7-list-item first last\"><input type=\"checkbox\" name=\"checkbox-663[]\" value=\"\" \/><span class=\"wpcf7-list-item-label\"><\/span><\/span><\/span><\/span> I agree to the usage of my data. (<a href=\"\/en\/privacy-policy\/\" target=\"_blank\">Data Protection Policy<\/a>)\n\t\t<\/p>\n\t<\/div>\n<\/div>\n<div class=\"wpb_row vc_row\">\n\t<div class=\"vc_col-sm-8\">\n\t\t<p style=\"margin-top:10px;\"><br \/>\nFields indicated with a <span style=\"color: #fe1010;\">*<\/span> are obligatory to fill in.\n\t\t<\/p>\n\t<\/div>\n\t<div class=\"vc_col-sm-4\">\n\t\t<p style=\"text-align: right;\"><input class=\"wpcf7-form-control wpcf7-submit has-spinner\" type=\"submit\" value=\"Send\" \/>\n\t\t<\/p>\n\t<\/div>\n<\/div><p style=\"display: none !important;\" class=\"akismet-fields-container\" data-prefix=\"_wpcf7_ak_\"><label>&#916;<textarea name=\"_wpcf7_ak_hp_textarea\" cols=\"45\" rows=\"8\" maxlength=\"100\"><\/textarea><\/label><input type=\"hidden\" id=\"ak_js_1\" name=\"_wpcf7_ak_js\" value=\"57\"\/><script>document.getElementById( \"ak_js_1\" ).setAttribute( \"value\", ( new Date() ).getTime() );<\/script><\/p><div class=\"wpcf7-response-output\" aria-hidden=\"true\"><\/div>\n<\/form>\n<\/div>\n[\/vc_column][vc_column width=&#8221;1\/2&#8243;][vc_raw_html]JTNDaWZyYW1lJTIwc3JjJTNEJTIyaHR0cHMlM0ElMkYlMkZ3d3cuZ29vZ2xlLmNvbSUyRm1hcHMlMkZlbWJlZCUzRnBiJTNEJTIxMW0xOCUyMTFtMTIlMjExbTMlMjExZDI2OTYuODcyMTg1Mjg5MDk1MyUyMTJkMTkuMDE2NzUwODQyMzI2OTclMjEzZDQ3LjQ3MjkyMDExMzM0MzEzNiUyMTJtMyUyMTFmMCUyMTJmMCUyMTNmMCUyMTNtMiUyMTFpMTAyNCUyMTJpNzY4JTIxNGYxMy4xJTIxM20zJTIxMW0yJTIxMXMweDQ3NDFkZGM1MzQ1YzM2ZmQlMjUzQTB4MzFhNzYyZTcwMjQxYzBkNCUyMTJzQnVkYXBlc3QlMjUyQyUyNTIwRGF5a2ElMjUyMEclMjVDMyUyNUExYm9yJTI1MjB1LiUyNTIwMyUyNTJDJTI1MjAxMTE4JTIxNWUwJTIxM20yJTIxMXNodSUyMTJzaHUlMjE0djE2MDg3MTExNTg0MzAlMjE1bTIlMjExc2h1JTIxMnNodSUyMiUyMHdpZHRoJTNEJTIyMTAwJTI1JTIyJTIwaGVpZ2h0JTNEJTIyMzgwJTIyJTIwZnJhbWVib3JkZXIlM0QlMjIwJTIyJTIwc3R5bGUlM0QlMjJib3JkZXIlM0EwJTNCJTIyJTIwYWxsb3dmdWxsc2NyZWVuJTNEJTIyJTIyJTIwYXJpYS1oaWRkZW4lM0QlMjJmYWxzZSUyMiUyMHRhYmluZGV4JTNEJTIyMCUyMiUzRSUzQyUyRmlmcmFtZSUzRQ==[\/vc_raw_html][vc_column_text]<\/p>\n<p style=\"text-align: center;\"><strong>CEOS KFT.<\/strong><\/p>\n<p style=\"text-align: center;\">VAT number: 12423295-2-43<br \/>\nH-1118 Budapest, Dayka G\u00e1bor u. 3.<br \/>\nTel: +36 (1) 788 4357<br \/>\n<a href=\"mailto:ceos@ce-os.eu\">ceos@ce-os.eu<\/a><\/p>\n<p style=\"text-align: center;\"><a href=\"https:\/\/ceosengineers.hu\/en\/\" target=\"_blank;\" rel=\"noopener\">https:\/\/ceosengineers.hu\/<\/a><\/p>\n<p style=\"text-align: center;\"><a href=\"https:\/\/youtu.be\/FwzlAbVmJ5c\" target=\"_blank\" rel=\"noopener\">CEOS team intro<\/a><\/p>\n<p style=\"text-align: right;\"><a href=\"https:\/\/www.linkedin.com\/company\/ceos-ltd.\" target=\"_blank\" rel=\"noopener\"><img loading=\"lazy\" decoding=\"async\" src=\"https:\/\/ci6.googleusercontent.com\/proxy\/lJbTRCy9PszYlqpxMzU6E_Bs4akqlEGYBq2E9bOc28ZLPRyQYNWkb6OEWGCP814kribz348ExpG4Q0APTPo=s0-d-e1-ft#http:\/\/static.appogee.co.uk\/linkedin_16.png\" alt=\"LinkedIn\" width=\"16\" height=\"16\" \/><\/a>\u00a0<a href=\"https:\/\/www.facebook.com\/ceoskft\" target=\"_blank\" rel=\"noopener\"><img loading=\"lazy\" decoding=\"async\" src=\"https:\/\/ci6.googleusercontent.com\/proxy\/J19_w-EdbRR8nFUCC7hmB3DRbTDmmhPSJn6vOeJ95UcwIHr5wbZ2eMX2n27i5lJqnRu3QVu55LVUoV0FPfs=s0-d-e1-ft#http:\/\/static.appogee.co.uk\/facebook_16.png\" alt=\"Facebook\" width=\"16\" height=\"16\" \/><\/a>\u00a0<a href=\"https:\/\/www.instagram.com\/ceoskft\/?hl=hu\" target=\"_blank\" rel=\"noopener\"><img loading=\"lazy\" decoding=\"async\" src=\"https:\/\/tartoszerkezet.eu\/wp-content\/uploads\/2020\/02\/insta-e1581431371381.jpg\" alt=\"Instagram\" width=\"16\" height=\"16\" \/><\/a><\/p>\n<p>[\/vc_column_text][\/vc_column][\/vc_row]<\/p>\n","protected":false},"excerpt":{"rendered":"<p>[vc_row full_width=&#8221;stretch_row_content_no_spaces&#8221; css=&#8221;.vc_custom_1608761801290{margin-bottom: 50px !important;}&#8221; el_class=&#8221;head-bg&#8221;][vc_column][\/vc_column][\/vc_row][vc_row el_class=&#8221;contact-partner&#8221;][vc_column width=&#8221;1\/2&#8243;][vc_column_text] HU \u00c1KOS POHL\u00a0 Managing Director, Structural Engineer, MSc, Engineer-Economist apohl@ce-os.eu +36 30 242 3092 +36 1 788 4357[\/vc_column_text][\/vc_column][vc_column width=&#8221;1\/2&#8243;][vc_column_text] HU GY\u00d6RGY KOLLER Business Innovations Manager gykoller@ce-os.eu +36 30 737 4814 +36 1 788 4357[\/vc_column_text][\/vc_column][\/vc_row][vc_row el_class=&#8221;contact-partner&#8221;][vc_column width=&#8221;1\/2&#8243;][vc_column_text] HU BRIGITTA SO\u00d3S Office Manager bsoos@ce-os.eu +36 70 321 6628 +36&hellip;<\/p>\n","protected":false},"author":7,"featured_media":0,"parent":0,"menu_order":0,"comment_status":"closed","ping_status":"closed","template":"","meta":[],"class_list":["post-1143","page","type-page","status-publish","hentry","description-off"],"yoast_head":"<!-- This site is optimized with the Yoast SEO plugin v24.9 - https:\/\/yoast.com\/wordpress\/plugins\/seo\/ -->\n<title>Contact - CEOS - Innovat\u00edv megold\u00e1sok a szerkezettervez\u00e9sben<\/title>\n<meta name=\"robots\" content=\"index, follow, max-snippet:-1, max-image-preview:large, max-video-preview:-1\" \/>\n<link rel=\"canonical\" href=\"https:\/\/ceosengineers.hu\/en\/contact\/\" \/>\n<meta property=\"og:locale\" content=\"en_US\" \/>\n<meta property=\"og:type\" content=\"article\" \/>\n<meta property=\"og:title\" content=\"Contact - CEOS - Innovat\u00edv megold\u00e1sok a szerkezettervez\u00e9sben\" \/>\n<meta property=\"og:description\" content=\"[vc_row full_width=&#8221;stretch_row_content_no_spaces&#8221; css=&#8221;.vc_custom_1608761801290{margin-bottom: 50px !important;}&#8221; el_class=&#8221;head-bg&#8221;][vc_column][\/vc_column][\/vc_row][vc_row el_class=&#8221;contact-partner&#8221;][vc_column width=&#8221;1\/2&#8243;][vc_column_text] HU \u00c1KOS POHL\u00a0 Managing Director, Structural Engineer, MSc, Engineer-Economist apohl@ce-os.eu +36 30 242 3092 +36 1 788 4357[\/vc_column_text][\/vc_column][vc_column width=&#8221;1\/2&#8243;][vc_column_text] HU GY\u00d6RGY KOLLER Business Innovations Manager gykoller@ce-os.eu +36 30 737 4814 +36 1 788 4357[\/vc_column_text][\/vc_column][\/vc_row][vc_row el_class=&#8221;contact-partner&#8221;][vc_column width=&#8221;1\/2&#8243;][vc_column_text] HU BRIGITTA SO\u00d3S Office Manager bsoos@ce-os.eu +36 70 321 6628 +36&hellip;\" \/>\n<meta property=\"og:url\" content=\"https:\/\/ceosengineers.hu\/en\/contact\/\" \/>\n<meta property=\"og:site_name\" content=\"CEOS - Innovat\u00edv megold\u00e1sok a szerkezettervez\u00e9sben\" \/>\n<meta property=\"article:modified_time\" content=\"2025-08-29T07:04:58+00:00\" \/>\n<meta property=\"og:image\" content=\"https:\/\/ci6.googleusercontent.com\/proxy\/lJbTRCy9PszYlqpxMzU6E_Bs4akqlEGYBq2E9bOc28ZLPRyQYNWkb6OEWGCP814kribz348ExpG4Q0APTPo=s0-d-e1-ft#http:\/\/static.appogee.co.uk\/linkedin_16.png\" \/>\n<meta name=\"twitter:card\" content=\"summary_large_image\" \/>\n<meta name=\"twitter:label1\" content=\"Est. reading time\" \/>\n\t<meta name=\"twitter:data1\" content=\"3 minutes\" \/>\n<script type=\"application\/ld+json\" class=\"yoast-schema-graph\">{\"@context\":\"https:\/\/schema.org\",\"@graph\":[{\"@type\":\"WebPage\",\"@id\":\"https:\/\/ceosengineers.hu\/en\/contact\/\",\"url\":\"https:\/\/ceosengineers.hu\/en\/contact\/\",\"name\":\"Contact - CEOS - Innovat\u00edv megold\u00e1sok a szerkezettervez\u00e9sben\",\"isPartOf\":{\"@id\":\"https:\/\/ceosengineers.hu\/en\/#website\"},\"primaryImageOfPage\":{\"@id\":\"https:\/\/ceosengineers.hu\/en\/contact\/#primaryimage\"},\"image\":{\"@id\":\"https:\/\/ceosengineers.hu\/en\/contact\/#primaryimage\"},\"thumbnailUrl\":\"https:\/\/ci6.googleusercontent.com\/proxy\/lJbTRCy9PszYlqpxMzU6E_Bs4akqlEGYBq2E9bOc28ZLPRyQYNWkb6OEWGCP814kribz348ExpG4Q0APTPo=s0-d-e1-ft#http:\/\/static.appogee.co.uk\/linkedin_16.png\",\"datePublished\":\"2021-07-16T14:29:51+00:00\",\"dateModified\":\"2025-08-29T07:04:58+00:00\",\"breadcrumb\":{\"@id\":\"https:\/\/ceosengineers.hu\/en\/contact\/#breadcrumb\"},\"inLanguage\":\"en-US\",\"potentialAction\":[{\"@type\":\"ReadAction\",\"target\":[\"https:\/\/ceosengineers.hu\/en\/contact\/\"]}]},{\"@type\":\"ImageObject\",\"inLanguage\":\"en-US\",\"@id\":\"https:\/\/ceosengineers.hu\/en\/contact\/#primaryimage\",\"url\":\"https:\/\/ci6.googleusercontent.com\/proxy\/lJbTRCy9PszYlqpxMzU6E_Bs4akqlEGYBq2E9bOc28ZLPRyQYNWkb6OEWGCP814kribz348ExpG4Q0APTPo=s0-d-e1-ft#http:\/\/static.appogee.co.uk\/linkedin_16.png\",\"contentUrl\":\"https:\/\/ci6.googleusercontent.com\/proxy\/lJbTRCy9PszYlqpxMzU6E_Bs4akqlEGYBq2E9bOc28ZLPRyQYNWkb6OEWGCP814kribz348ExpG4Q0APTPo=s0-d-e1-ft#http:\/\/static.appogee.co.uk\/linkedin_16.png\"},{\"@type\":\"BreadcrumbList\",\"@id\":\"https:\/\/ceosengineers.hu\/en\/contact\/#breadcrumb\",\"itemListElement\":[{\"@type\":\"ListItem\",\"position\":1,\"name\":\"Kezd\u0151lap\",\"item\":\"https:\/\/ceosengineers.hu\/en\/\"},{\"@type\":\"ListItem\",\"position\":2,\"name\":\"Contact\"}]},{\"@type\":\"WebSite\",\"@id\":\"https:\/\/ceosengineers.hu\/en\/#website\",\"url\":\"https:\/\/ceosengineers.hu\/en\/\",\"name\":\"CEOS - Innovat\u00edv megold\u00e1sok a szerkezettervez\u00e9sben\",\"description\":\"\",\"publisher\":{\"@id\":\"https:\/\/ceosengineers.hu\/en\/#organization\"},\"potentialAction\":[{\"@type\":\"SearchAction\",\"target\":{\"@type\":\"EntryPoint\",\"urlTemplate\":\"https:\/\/ceosengineers.hu\/en\/?s={search_term_string}\"},\"query-input\":{\"@type\":\"PropertyValueSpecification\",\"valueRequired\":true,\"valueName\":\"search_term_string\"}}],\"inLanguage\":\"en-US\"},{\"@type\":\"Organization\",\"@id\":\"https:\/\/ceosengineers.hu\/en\/#organization\",\"name\":\"CEOS - Innovat\u00edv megold\u00e1sok a szerkezettervez\u00e9sben\",\"url\":\"https:\/\/ceosengineers.hu\/en\/\",\"logo\":{\"@type\":\"ImageObject\",\"inLanguage\":\"en-US\",\"@id\":\"https:\/\/ceosengineers.hu\/en\/#\/schema\/logo\/image\/\",\"url\":\"https:\/\/ceosengineers.hu\/wp-content\/uploads\/2020\/12\/ceos.png\",\"contentUrl\":\"https:\/\/ceosengineers.hu\/wp-content\/uploads\/2020\/12\/ceos.png\",\"width\":523,\"height\":97,\"caption\":\"CEOS - Innovat\u00edv megold\u00e1sok a szerkezettervez\u00e9sben\"},\"image\":{\"@id\":\"https:\/\/ceosengineers.hu\/en\/#\/schema\/logo\/image\/\"}}]}<\/script>\n<!-- \/ Yoast SEO plugin. -->","yoast_head_json":{"title":"Contact - CEOS - Innovat\u00edv megold\u00e1sok a szerkezettervez\u00e9sben","robots":{"index":"index","follow":"follow","max-snippet":"max-snippet:-1","max-image-preview":"max-image-preview:large","max-video-preview":"max-video-preview:-1"},"canonical":"https:\/\/ceosengineers.hu\/en\/contact\/","og_locale":"en_US","og_type":"article","og_title":"Contact - CEOS - Innovat\u00edv megold\u00e1sok a szerkezettervez\u00e9sben","og_description":"[vc_row full_width=&#8221;stretch_row_content_no_spaces&#8221; css=&#8221;.vc_custom_1608761801290{margin-bottom: 50px !important;}&#8221; el_class=&#8221;head-bg&#8221;][vc_column][\/vc_column][\/vc_row][vc_row el_class=&#8221;contact-partner&#8221;][vc_column width=&#8221;1\/2&#8243;][vc_column_text] HU \u00c1KOS POHL\u00a0 Managing Director, Structural Engineer, MSc, Engineer-Economist apohl@ce-os.eu +36 30 242 3092 +36 1 788 4357[\/vc_column_text][\/vc_column][vc_column width=&#8221;1\/2&#8243;][vc_column_text] HU GY\u00d6RGY KOLLER Business Innovations Manager gykoller@ce-os.eu +36 30 737 4814 +36 1 788 4357[\/vc_column_text][\/vc_column][\/vc_row][vc_row el_class=&#8221;contact-partner&#8221;][vc_column width=&#8221;1\/2&#8243;][vc_column_text] HU BRIGITTA SO\u00d3S Office Manager bsoos@ce-os.eu +36 70 321 6628 +36&hellip;","og_url":"https:\/\/ceosengineers.hu\/en\/contact\/","og_site_name":"CEOS - Innovat\u00edv megold\u00e1sok a szerkezettervez\u00e9sben","article_modified_time":"2025-08-29T07:04:58+00:00","og_image":[{"url":"https:\/\/ci6.googleusercontent.com\/proxy\/lJbTRCy9PszYlqpxMzU6E_Bs4akqlEGYBq2E9bOc28ZLPRyQYNWkb6OEWGCP814kribz348ExpG4Q0APTPo=s0-d-e1-ft#http:\/\/static.appogee.co.uk\/linkedin_16.png","type":"","width":"","height":""}],"twitter_card":"summary_large_image","twitter_misc":{"Est. reading time":"3 minutes"},"schema":{"@context":"https:\/\/schema.org","@graph":[{"@type":"WebPage","@id":"https:\/\/ceosengineers.hu\/en\/contact\/","url":"https:\/\/ceosengineers.hu\/en\/contact\/","name":"Contact - CEOS - Innovat\u00edv megold\u00e1sok a szerkezettervez\u00e9sben","isPartOf":{"@id":"https:\/\/ceosengineers.hu\/en\/#website"},"primaryImageOfPage":{"@id":"https:\/\/ceosengineers.hu\/en\/contact\/#primaryimage"},"image":{"@id":"https:\/\/ceosengineers.hu\/en\/contact\/#primaryimage"},"thumbnailUrl":"https:\/\/ci6.googleusercontent.com\/proxy\/lJbTRCy9PszYlqpxMzU6E_Bs4akqlEGYBq2E9bOc28ZLPRyQYNWkb6OEWGCP814kribz348ExpG4Q0APTPo=s0-d-e1-ft#http:\/\/static.appogee.co.uk\/linkedin_16.png","datePublished":"2021-07-16T14:29:51+00:00","dateModified":"2025-08-29T07:04:58+00:00","breadcrumb":{"@id":"https:\/\/ceosengineers.hu\/en\/contact\/#breadcrumb"},"inLanguage":"en-US","potentialAction":[{"@type":"ReadAction","target":["https:\/\/ceosengineers.hu\/en\/contact\/"]}]},{"@type":"ImageObject","inLanguage":"en-US","@id":"https:\/\/ceosengineers.hu\/en\/contact\/#primaryimage","url":"https:\/\/ci6.googleusercontent.com\/proxy\/lJbTRCy9PszYlqpxMzU6E_Bs4akqlEGYBq2E9bOc28ZLPRyQYNWkb6OEWGCP814kribz348ExpG4Q0APTPo=s0-d-e1-ft#http:\/\/static.appogee.co.uk\/linkedin_16.png","contentUrl":"https:\/\/ci6.googleusercontent.com\/proxy\/lJbTRCy9PszYlqpxMzU6E_Bs4akqlEGYBq2E9bOc28ZLPRyQYNWkb6OEWGCP814kribz348ExpG4Q0APTPo=s0-d-e1-ft#http:\/\/static.appogee.co.uk\/linkedin_16.png"},{"@type":"BreadcrumbList","@id":"https:\/\/ceosengineers.hu\/en\/contact\/#breadcrumb","itemListElement":[{"@type":"ListItem","position":1,"name":"Kezd\u0151lap","item":"https:\/\/ceosengineers.hu\/en\/"},{"@type":"ListItem","position":2,"name":"Contact"}]},{"@type":"WebSite","@id":"https:\/\/ceosengineers.hu\/en\/#website","url":"https:\/\/ceosengineers.hu\/en\/","name":"CEOS - Innovat\u00edv megold\u00e1sok a szerkezettervez\u00e9sben","description":"","publisher":{"@id":"https:\/\/ceosengineers.hu\/en\/#organization"},"potentialAction":[{"@type":"SearchAction","target":{"@type":"EntryPoint","urlTemplate":"https:\/\/ceosengineers.hu\/en\/?s={search_term_string}"},"query-input":{"@type":"PropertyValueSpecification","valueRequired":true,"valueName":"search_term_string"}}],"inLanguage":"en-US"},{"@type":"Organization","@id":"https:\/\/ceosengineers.hu\/en\/#organization","name":"CEOS - Innovat\u00edv megold\u00e1sok a szerkezettervez\u00e9sben","url":"https:\/\/ceosengineers.hu\/en\/","logo":{"@type":"ImageObject","inLanguage":"en-US","@id":"https:\/\/ceosengineers.hu\/en\/#\/schema\/logo\/image\/","url":"https:\/\/ceosengineers.hu\/wp-content\/uploads\/2020\/12\/ceos.png","contentUrl":"https:\/\/ceosengineers.hu\/wp-content\/uploads\/2020\/12\/ceos.png","width":523,"height":97,"caption":"CEOS - Innovat\u00edv megold\u00e1sok a szerkezettervez\u00e9sben"},"image":{"@id":"https:\/\/ceosengineers.hu\/en\/#\/schema\/logo\/image\/"}}]}},"_links":{"self":[{"href":"https:\/\/ceosengineers.hu\/en\/wp-json\/wp\/v2\/pages\/1143","targetHints":{"allow":["GET"]}}],"collection":[{"href":"https:\/\/ceosengineers.hu\/en\/wp-json\/wp\/v2\/pages"}],"about":[{"href":"https:\/\/ceosengineers.hu\/en\/wp-json\/wp\/v2\/types\/page"}],"author":[{"embeddable":true,"href":"https:\/\/ceosengineers.hu\/en\/wp-json\/wp\/v2\/users\/7"}],"replies":[{"embeddable":true,"href":"https:\/\/ceosengineers.hu\/en\/wp-json\/wp\/v2\/comments?post=1143"}],"version-history":[{"count":9,"href":"https:\/\/ceosengineers.hu\/en\/wp-json\/wp\/v2\/pages\/1143\/revisions"}],"predecessor-version":[{"id":2749,"href":"https:\/\/ceosengineers.hu\/en\/wp-json\/wp\/v2\/pages\/1143\/revisions\/2749"}],"wp:attachment":[{"href":"https:\/\/ceosengineers.hu\/en\/wp-json\/wp\/v2\/media?parent=1143"}],"curies":[{"name":"wp","href":"https:\/\/api.w.org\/{rel}","templated":true}]}}