{"id":1162,"date":"2021-07-23T13:11:10","date_gmt":"2021-07-23T12:11:10","guid":{"rendered":"https:\/\/ceosengineers.hu\/?page_id=1162"},"modified":"2021-07-23T13:47:06","modified_gmt":"2021-07-23T12:47:06","slug":"cookie-information","status":"publish","type":"page","link":"https:\/\/ceosengineers.hu\/en\/cookie-information\/","title":{"rendered":"Cookie information"},"content":{"rendered":"<p>[vc_row full_width=&#8221;stretch_row_content_no_spaces&#8221; css=&#8221;.vc_custom_1608761801290{margin-bottom: 50px !important;}&#8221; el_class=&#8221;head-bg&#8221;][vc_column]<style type=\"text\/css\" data-type=\"the7_shortcodes-inline-css\">.shortcode-single-image-wrap.shortcode-single-image-a77c73ea4a154069bd7dc0cf4ff02fae.enable-bg-rollover .rollover i,\n.shortcode-single-image-wrap.shortcode-single-image-a77c73ea4a154069bd7dc0cf4ff02fae.enable-bg-rollover .rollover-video i {\n  background: -webkit-linear-gradient();\n  background: linear-gradient();\n}\n.shortcode-single-image-wrap.shortcode-single-image-a77c73ea4a154069bd7dc0cf4ff02fae .rollover-icon {\n  font-size: 32px;\n  color: #ffffff;\n  min-width: 44px;\n  min-height: 44px;\n  line-height: 44px;\n  border-radius: 100px;\n  border-style: solid;\n  border-width: 0px;\n}\n.dt-icon-bg-on.shortcode-single-image-wrap.shortcode-single-image-a77c73ea4a154069bd7dc0cf4ff02fae .rollover-icon {\n  background: rgba(255,255,255,0.3);\n  box-shadow: none;\n}\n<\/style><div class=\"shortcode-single-image-wrap shortcode-single-image-a77c73ea4a154069bd7dc0cf4ff02fae alignnone  enable-bg-rollover dt-icon-bg-off\" style=\"margin-top:0px; margin-bottom:0px; margin-left:0px; margin-right:0px;\"><div class=\"shortcode-single-image\"><div class=\"fancy-media-wrap  layzr-bg\" style=\"\"><img fetchpriority=\"high\" decoding=\"async\" class=\"preload-me lazy-load\" src=\"data:image\/svg+xml,%3Csvg%20xmlns%3D&#39;http%3A%2F%2Fwww.w3.org%2F2000%2Fsvg&#39;%20viewBox%3D&#39;0%200%202560%20850&#39;%2F%3E\" data-src=\"https:\/\/ceosengineers.hu\/wp-content\/uploads\/2021\/01\/ceos-cookie-tajekoztato-head-bg.jpg\" data-srcset=\"https:\/\/ceosengineers.hu\/wp-content\/uploads\/2021\/01\/ceos-cookie-tajekoztato-head-bg.jpg 2560w\" width=\"2560\" height=\"850\"  data-dt-location=\"https:\/\/ceosengineers.hu\/en\/cookie-tajekoztato\/attachment\/ceos-cookie-tajekoztato-head-bg\/\" style=\"\" alt=\"\" \/><\/div><\/div><\/div>[\/vc_column][\/vc_row][vc_row][vc_column offset=&#8221;vc_col-lg-offset-2 vc_col-lg-8 vc_col-md-offset-2 vc_col-md-8&#8243;][vc_column_text]<\/p>\n<h2>Cookie information<\/h2>\n<p>You can find general information about cookies <a href=\"https:\/\/en.wikipedia.org\/wiki\/HTTP_cookie\" target=\"_blank\" rel=\"noopener noreferrer\">here<\/a>.<\/p>\n<h3 style=\"text-align: left;\">Required Cookies<\/h3>\n<p>Required cookies allow us to remember information that is primarily related to the operation of the site. The required cookies may also provide analytics or serve ads running on the page.<br \/>\nThe required cookies provide the following functionality: Google Analytics Traffic Measurement.<\/p>\n<h3 style=\"text-align: left;\">Functional Cookies<\/h3>\n<p>Functional cookies serve to display ads that are relevant to your interests.<br \/>\nThis website does not contain such an element.<\/p>\n<h3 style=\"text-align: left;\">Comfort Cookies<\/h3>\n<p>Comfort cookies allow you to use the full functionality of the site, providing you with personalised content and ads by analysing your use of the site, and providing feedback on your use of our services, thereby contributing to our customised development.<br \/>\nThis website does not contain such an element.<\/p>\n<p><strong>You can change your cookie settings at any time in your browser.<\/strong> For instructions on how to do this, please visit your browser: <strong><a href=\"https:\/\/www.google.com\/chrome\/\" target=\"_blank\" rel=\"noopener noreferrer\">Chrome<\/a>,<\/strong> <strong> <a href=\"https:\/\/www.mozilla.org\/hu\/firefox\/\" target=\"_blank\" rel=\"noopener noreferrer\">Firefox<\/a>,<\/strong> <strong><a href=\"https:\/\/www.apple.com\/safari\/\" target=\"_blank\" rel=\"noopener noreferrer\">Safari<\/a>,<\/strong> <strong><a href=\"https:\/\/www.microsoft.com\/hu-hu\/search\/result.aspx?q=internet+explorer\" target=\"_blank\" rel=\"noopener noreferrer\">Internet Explorer<\/a>,<\/strong> <strong><a href=\"https:\/\/www.microsoft.com\/hu-hu\/windows\/microsoft-edge\" target=\"_blank\" rel=\"noopener noreferrer\">Microsoft Edge<\/a><\/strong><br \/>\nYou can access the data management information of CEOS Ltd.<strong> <a href=\"\/en\/privacy-policy\/\" target=\"_blank\" rel=\"noopener noreferrer\">here<\/a><\/strong>.[\/vc_column_text][\/vc_column][\/vc_row]<\/p>\n","protected":false},"excerpt":{"rendered":"<p>[vc_row full_width=&#8221;stretch_row_content_no_spaces&#8221; css=&#8221;.vc_custom_1608761801290{margin-bottom: 50px !important;}&#8221; el_class=&#8221;head-bg&#8221;][vc_column][\/vc_column][\/vc_row][vc_row][vc_column offset=&#8221;vc_col-lg-offset-2 vc_col-lg-8 vc_col-md-offset-2 vc_col-md-8&#8243;][vc_column_text] Cookie information You can find general information about cookies here. Required Cookies Required cookies allow us to remember information that is primarily related to the operation of the site. The required cookies may also provide analytics or serve ads running on the page. The required&hellip;<\/p>\n","protected":false},"author":1,"featured_media":0,"parent":0,"menu_order":0,"comment_status":"closed","ping_status":"closed","template":"","meta":[],"class_list":["post-1162","page","type-page","status-publish","hentry","description-off"],"yoast_head":"<!-- This site is optimized with the Yoast SEO plugin v24.9 - https:\/\/yoast.com\/wordpress\/plugins\/seo\/ -->\n<title>Cookie information - CEOS - Innovat\u00edv megold\u00e1sok a szerkezettervez\u00e9sben<\/title>\n<meta name=\"robots\" content=\"index, follow, max-snippet:-1, max-image-preview:large, max-video-preview:-1\" \/>\n<link rel=\"canonical\" href=\"https:\/\/ceosengineers.hu\/en\/cookie-information\/\" \/>\n<meta property=\"og:locale\" content=\"en_US\" \/>\n<meta property=\"og:type\" content=\"article\" \/>\n<meta property=\"og:title\" content=\"Cookie information - CEOS - Innovat\u00edv megold\u00e1sok a szerkezettervez\u00e9sben\" \/>\n<meta property=\"og:description\" content=\"[vc_row full_width=&#8221;stretch_row_content_no_spaces&#8221; css=&#8221;.vc_custom_1608761801290{margin-bottom: 50px !important;}&#8221; el_class=&#8221;head-bg&#8221;][vc_column][\/vc_column][\/vc_row][vc_row][vc_column offset=&#8221;vc_col-lg-offset-2 vc_col-lg-8 vc_col-md-offset-2 vc_col-md-8&#8243;][vc_column_text] Cookie information You can find general information about cookies here. Required Cookies Required cookies allow us to remember information that is primarily related to the operation of the site. The required cookies may also provide analytics or serve ads running on the page. The required&hellip;\" \/>\n<meta property=\"og:url\" content=\"https:\/\/ceosengineers.hu\/en\/cookie-information\/\" \/>\n<meta property=\"og:site_name\" content=\"CEOS - Innovat\u00edv megold\u00e1sok a szerkezettervez\u00e9sben\" \/>\n<meta property=\"article:modified_time\" content=\"2021-07-23T12:47:06+00:00\" \/>\n<meta name=\"twitter:card\" content=\"summary_large_image\" \/>\n<meta name=\"twitter:label1\" content=\"Est. reading time\" \/>\n\t<meta name=\"twitter:data1\" content=\"1 minute\" \/>\n<script type=\"application\/ld+json\" class=\"yoast-schema-graph\">{\"@context\":\"https:\/\/schema.org\",\"@graph\":[{\"@type\":\"WebPage\",\"@id\":\"https:\/\/ceosengineers.hu\/en\/cookie-information\/\",\"url\":\"https:\/\/ceosengineers.hu\/en\/cookie-information\/\",\"name\":\"Cookie information - CEOS - Innovat\u00edv megold\u00e1sok a szerkezettervez\u00e9sben\",\"isPartOf\":{\"@id\":\"https:\/\/ceosengineers.hu\/en\/#website\"},\"datePublished\":\"2021-07-23T12:11:10+00:00\",\"dateModified\":\"2021-07-23T12:47:06+00:00\",\"breadcrumb\":{\"@id\":\"https:\/\/ceosengineers.hu\/en\/cookie-information\/#breadcrumb\"},\"inLanguage\":\"en-US\",\"potentialAction\":[{\"@type\":\"ReadAction\",\"target\":[\"https:\/\/ceosengineers.hu\/en\/cookie-information\/\"]}]},{\"@type\":\"BreadcrumbList\",\"@id\":\"https:\/\/ceosengineers.hu\/en\/cookie-information\/#breadcrumb\",\"itemListElement\":[{\"@type\":\"ListItem\",\"position\":1,\"name\":\"Kezd\u0151lap\",\"item\":\"https:\/\/ceosengineers.hu\/en\/\"},{\"@type\":\"ListItem\",\"position\":2,\"name\":\"Cookie information\"}]},{\"@type\":\"WebSite\",\"@id\":\"https:\/\/ceosengineers.hu\/en\/#website\",\"url\":\"https:\/\/ceosengineers.hu\/en\/\",\"name\":\"CEOS - Innovat\u00edv megold\u00e1sok a szerkezettervez\u00e9sben\",\"description\":\"\",\"publisher\":{\"@id\":\"https:\/\/ceosengineers.hu\/en\/#organization\"},\"potentialAction\":[{\"@type\":\"SearchAction\",\"target\":{\"@type\":\"EntryPoint\",\"urlTemplate\":\"https:\/\/ceosengineers.hu\/en\/?s={search_term_string}\"},\"query-input\":{\"@type\":\"PropertyValueSpecification\",\"valueRequired\":true,\"valueName\":\"search_term_string\"}}],\"inLanguage\":\"en-US\"},{\"@type\":\"Organization\",\"@id\":\"https:\/\/ceosengineers.hu\/en\/#organization\",\"name\":\"CEOS - Innovat\u00edv megold\u00e1sok a szerkezettervez\u00e9sben\",\"url\":\"https:\/\/ceosengineers.hu\/en\/\",\"logo\":{\"@type\":\"ImageObject\",\"inLanguage\":\"en-US\",\"@id\":\"https:\/\/ceosengineers.hu\/en\/#\/schema\/logo\/image\/\",\"url\":\"https:\/\/ceosengineers.hu\/wp-content\/uploads\/2020\/12\/ceos.png\",\"contentUrl\":\"https:\/\/ceosengineers.hu\/wp-content\/uploads\/2020\/12\/ceos.png\",\"width\":523,\"height\":97,\"caption\":\"CEOS - Innovat\u00edv megold\u00e1sok a szerkezettervez\u00e9sben\"},\"image\":{\"@id\":\"https:\/\/ceosengineers.hu\/en\/#\/schema\/logo\/image\/\"}}]}<\/script>\n<!-- \/ Yoast SEO plugin. -->","yoast_head_json":{"title":"Cookie information - CEOS - Innovat\u00edv megold\u00e1sok a szerkezettervez\u00e9sben","robots":{"index":"index","follow":"follow","max-snippet":"max-snippet:-1","max-image-preview":"max-image-preview:large","max-video-preview":"max-video-preview:-1"},"canonical":"https:\/\/ceosengineers.hu\/en\/cookie-information\/","og_locale":"en_US","og_type":"article","og_title":"Cookie information - CEOS - Innovat\u00edv megold\u00e1sok a szerkezettervez\u00e9sben","og_description":"[vc_row full_width=&#8221;stretch_row_content_no_spaces&#8221; css=&#8221;.vc_custom_1608761801290{margin-bottom: 50px !important;}&#8221; el_class=&#8221;head-bg&#8221;][vc_column][\/vc_column][\/vc_row][vc_row][vc_column offset=&#8221;vc_col-lg-offset-2 vc_col-lg-8 vc_col-md-offset-2 vc_col-md-8&#8243;][vc_column_text] Cookie information You can find general information about cookies here. Required Cookies Required cookies allow us to remember information that is primarily related to the operation of the site. The required cookies may also provide analytics or serve ads running on the page. The required&hellip;","og_url":"https:\/\/ceosengineers.hu\/en\/cookie-information\/","og_site_name":"CEOS - Innovat\u00edv megold\u00e1sok a szerkezettervez\u00e9sben","article_modified_time":"2021-07-23T12:47:06+00:00","twitter_card":"summary_large_image","twitter_misc":{"Est. reading time":"1 minute"},"schema":{"@context":"https:\/\/schema.org","@graph":[{"@type":"WebPage","@id":"https:\/\/ceosengineers.hu\/en\/cookie-information\/","url":"https:\/\/ceosengineers.hu\/en\/cookie-information\/","name":"Cookie information - CEOS - Innovat\u00edv megold\u00e1sok a szerkezettervez\u00e9sben","isPartOf":{"@id":"https:\/\/ceosengineers.hu\/en\/#website"},"datePublished":"2021-07-23T12:11:10+00:00","dateModified":"2021-07-23T12:47:06+00:00","breadcrumb":{"@id":"https:\/\/ceosengineers.hu\/en\/cookie-information\/#breadcrumb"},"inLanguage":"en-US","potentialAction":[{"@type":"ReadAction","target":["https:\/\/ceosengineers.hu\/en\/cookie-information\/"]}]},{"@type":"BreadcrumbList","@id":"https:\/\/ceosengineers.hu\/en\/cookie-information\/#breadcrumb","itemListElement":[{"@type":"ListItem","position":1,"name":"Kezd\u0151lap","item":"https:\/\/ceosengineers.hu\/en\/"},{"@type":"ListItem","position":2,"name":"Cookie information"}]},{"@type":"WebSite","@id":"https:\/\/ceosengineers.hu\/en\/#website","url":"https:\/\/ceosengineers.hu\/en\/","name":"CEOS - Innovat\u00edv megold\u00e1sok a szerkezettervez\u00e9sben","description":"","publisher":{"@id":"https:\/\/ceosengineers.hu\/en\/#organization"},"potentialAction":[{"@type":"SearchAction","target":{"@type":"EntryPoint","urlTemplate":"https:\/\/ceosengineers.hu\/en\/?s={search_term_string}"},"query-input":{"@type":"PropertyValueSpecification","valueRequired":true,"valueName":"search_term_string"}}],"inLanguage":"en-US"},{"@type":"Organization","@id":"https:\/\/ceosengineers.hu\/en\/#organization","name":"CEOS - Innovat\u00edv megold\u00e1sok a szerkezettervez\u00e9sben","url":"https:\/\/ceosengineers.hu\/en\/","logo":{"@type":"ImageObject","inLanguage":"en-US","@id":"https:\/\/ceosengineers.hu\/en\/#\/schema\/logo\/image\/","url":"https:\/\/ceosengineers.hu\/wp-content\/uploads\/2020\/12\/ceos.png","contentUrl":"https:\/\/ceosengineers.hu\/wp-content\/uploads\/2020\/12\/ceos.png","width":523,"height":97,"caption":"CEOS - Innovat\u00edv megold\u00e1sok a szerkezettervez\u00e9sben"},"image":{"@id":"https:\/\/ceosengineers.hu\/en\/#\/schema\/logo\/image\/"}}]}},"_links":{"self":[{"href":"https:\/\/ceosengineers.hu\/en\/wp-json\/wp\/v2\/pages\/1162","targetHints":{"allow":["GET"]}}],"collection":[{"href":"https:\/\/ceosengineers.hu\/en\/wp-json\/wp\/v2\/pages"}],"about":[{"href":"https:\/\/ceosengineers.hu\/en\/wp-json\/wp\/v2\/types\/page"}],"author":[{"embeddable":true,"href":"https:\/\/ceosengineers.hu\/en\/wp-json\/wp\/v2\/users\/1"}],"replies":[{"embeddable":true,"href":"https:\/\/ceosengineers.hu\/en\/wp-json\/wp\/v2\/comments?post=1162"}],"version-history":[{"count":7,"href":"https:\/\/ceosengineers.hu\/en\/wp-json\/wp\/v2\/pages\/1162\/revisions"}],"predecessor-version":[{"id":1182,"href":"https:\/\/ceosengineers.hu\/en\/wp-json\/wp\/v2\/pages\/1162\/revisions\/1182"}],"wp:attachment":[{"href":"https:\/\/ceosengineers.hu\/en\/wp-json\/wp\/v2\/media?parent=1162"}],"curies":[{"name":"wp","href":"https:\/\/api.w.org\/{rel}","templated":true}]}}