{"id":1183,"date":"2021-07-23T13:48:42","date_gmt":"2021-07-23T12:48:42","guid":{"rendered":"https:\/\/ceosengineers.hu\/?page_id=1183"},"modified":"2021-07-23T13:48:42","modified_gmt":"2021-07-23T12:48:42","slug":"szechenyi-2020","status":"publish","type":"page","link":"https:\/\/ceosengineers.hu\/en\/szechenyi-2020\/","title":{"rendered":"Sz\u00e9chenyi 2020"},"content":{"rendered":"<p>[vc_row full_width=&#8221;stretch_row_content_no_spaces&#8221;][vc_column]<style type=\"text\/css\" data-type=\"the7_shortcodes-inline-css\">.shortcode-single-image-wrap.shortcode-single-image-f471964e1c3ecdb1044933d82efad744.enable-bg-rollover .rollover i,\n.shortcode-single-image-wrap.shortcode-single-image-f471964e1c3ecdb1044933d82efad744.enable-bg-rollover .rollover-video i {\n  background: -webkit-linear-gradient();\n  background: linear-gradient();\n}\n.shortcode-single-image-wrap.shortcode-single-image-f471964e1c3ecdb1044933d82efad744 .rollover-icon {\n  font-size: 32px;\n  color: #ffffff;\n  min-width: 44px;\n  min-height: 44px;\n  line-height: 44px;\n  border-radius: 100px;\n  border-style: solid;\n  border-width: 0px;\n}\n.dt-icon-bg-on.shortcode-single-image-wrap.shortcode-single-image-f471964e1c3ecdb1044933d82efad744 .rollover-icon {\n  background: rgba(255,255,255,0.3);\n  box-shadow: none;\n}\n<\/style><div class=\"shortcode-single-image-wrap shortcode-single-image-f471964e1c3ecdb1044933d82efad744 alignleft  enable-bg-rollover dt-icon-bg-off\" style=\"margin-top:0px; margin-bottom:0px; margin-left:0px; margin-right:0px;\"><div class=\"shortcode-single-image\"><div class=\"fancy-media-wrap  layzr-bg\" style=\"\"><img fetchpriority=\"high\" decoding=\"async\" class=\"preload-me lazy-load\" src=\"data:image\/svg+xml,%3Csvg%20xmlns%3D&#39;http%3A%2F%2Fwww.w3.org%2F2000%2Fsvg&#39;%20viewBox%3D&#39;0%200%201350%20947&#39;%2F%3E\" data-src=\"https:\/\/ceosengineers.hu\/wp-content\/uploads\/2021\/01\/ceos-kft-szechenyi-2020.jpg\" data-srcset=\"https:\/\/ceosengineers.hu\/wp-content\/uploads\/2021\/01\/ceos-kft-szechenyi-2020.jpg 1350w\" width=\"1350\" height=\"947\"  data-dt-location=\"https:\/\/ceosengineers.hu\/en\/szechenyi-2020\/attachment\/ceos-kft-szechenyi-2020\/\" style=\"\" alt=\"\" \/><\/div><\/div><\/div>[\/vc_column][\/vc_row]<\/p>\n","protected":false},"excerpt":{"rendered":"<p>[vc_row full_width=&#8221;stretch_row_content_no_spaces&#8221;][vc_column][\/vc_column][\/vc_row]<\/p>\n","protected":false},"author":1,"featured_media":0,"parent":0,"menu_order":0,"comment_status":"closed","ping_status":"closed","template":"","meta":[],"class_list":["post-1183","page","type-page","status-publish","hentry","description-off"],"yoast_head":"<!-- This site is optimized with the Yoast SEO plugin v24.9 - https:\/\/yoast.com\/wordpress\/plugins\/seo\/ -->\n<title>Sz\u00e9chenyi 2020 - CEOS - Innovat\u00edv megold\u00e1sok a szerkezettervez\u00e9sben<\/title>\n<meta name=\"robots\" content=\"index, follow, max-snippet:-1, max-image-preview:large, max-video-preview:-1\" \/>\n<link rel=\"canonical\" href=\"https:\/\/ceosengineers.hu\/en\/szechenyi-2020\/\" \/>\n<meta property=\"og:locale\" content=\"en_US\" \/>\n<meta property=\"og:type\" content=\"article\" \/>\n<meta property=\"og:title\" content=\"Sz\u00e9chenyi 2020 - CEOS - Innovat\u00edv megold\u00e1sok a szerkezettervez\u00e9sben\" \/>\n<meta property=\"og:description\" content=\"[vc_row full_width=&#8221;stretch_row_content_no_spaces&#8221;][vc_column][\/vc_column][\/vc_row]\" \/>\n<meta property=\"og:url\" content=\"https:\/\/ceosengineers.hu\/en\/szechenyi-2020\/\" \/>\n<meta property=\"og:site_name\" content=\"CEOS - Innovat\u00edv megold\u00e1sok a szerkezettervez\u00e9sben\" \/>\n<meta name=\"twitter:card\" content=\"summary_large_image\" \/>\n<script type=\"application\/ld+json\" class=\"yoast-schema-graph\">{\"@context\":\"https:\/\/schema.org\",\"@graph\":[{\"@type\":\"WebPage\",\"@id\":\"https:\/\/ceosengineers.hu\/en\/szechenyi-2020\/\",\"url\":\"https:\/\/ceosengineers.hu\/en\/szechenyi-2020\/\",\"name\":\"Sz\u00e9chenyi 2020 - CEOS - Innovat\u00edv megold\u00e1sok a szerkezettervez\u00e9sben\",\"isPartOf\":{\"@id\":\"https:\/\/ceosengineers.hu\/en\/#website\"},\"datePublished\":\"2021-07-23T12:48:42+00:00\",\"breadcrumb\":{\"@id\":\"https:\/\/ceosengineers.hu\/en\/szechenyi-2020\/#breadcrumb\"},\"inLanguage\":\"en-US\",\"potentialAction\":[{\"@type\":\"ReadAction\",\"target\":[\"https:\/\/ceosengineers.hu\/en\/szechenyi-2020\/\"]}]},{\"@type\":\"BreadcrumbList\",\"@id\":\"https:\/\/ceosengineers.hu\/en\/szechenyi-2020\/#breadcrumb\",\"itemListElement\":[{\"@type\":\"ListItem\",\"position\":1,\"name\":\"Kezd\u0151lap\",\"item\":\"https:\/\/ceosengineers.hu\/en\/\"},{\"@type\":\"ListItem\",\"position\":2,\"name\":\"Sz\u00e9chenyi 2020\"}]},{\"@type\":\"WebSite\",\"@id\":\"https:\/\/ceosengineers.hu\/en\/#website\",\"url\":\"https:\/\/ceosengineers.hu\/en\/\",\"name\":\"CEOS - Innovat\u00edv megold\u00e1sok a szerkezettervez\u00e9sben\",\"description\":\"\",\"publisher\":{\"@id\":\"https:\/\/ceosengineers.hu\/en\/#organization\"},\"potentialAction\":[{\"@type\":\"SearchAction\",\"target\":{\"@type\":\"EntryPoint\",\"urlTemplate\":\"https:\/\/ceosengineers.hu\/en\/?s={search_term_string}\"},\"query-input\":{\"@type\":\"PropertyValueSpecification\",\"valueRequired\":true,\"valueName\":\"search_term_string\"}}],\"inLanguage\":\"en-US\"},{\"@type\":\"Organization\",\"@id\":\"https:\/\/ceosengineers.hu\/en\/#organization\",\"name\":\"CEOS - Innovat\u00edv megold\u00e1sok a szerkezettervez\u00e9sben\",\"url\":\"https:\/\/ceosengineers.hu\/en\/\",\"logo\":{\"@type\":\"ImageObject\",\"inLanguage\":\"en-US\",\"@id\":\"https:\/\/ceosengineers.hu\/en\/#\/schema\/logo\/image\/\",\"url\":\"https:\/\/ceosengineers.hu\/wp-content\/uploads\/2020\/12\/ceos.png\",\"contentUrl\":\"https:\/\/ceosengineers.hu\/wp-content\/uploads\/2020\/12\/ceos.png\",\"width\":523,\"height\":97,\"caption\":\"CEOS - Innovat\u00edv megold\u00e1sok a szerkezettervez\u00e9sben\"},\"image\":{\"@id\":\"https:\/\/ceosengineers.hu\/en\/#\/schema\/logo\/image\/\"}}]}<\/script>\n<!-- \/ Yoast SEO plugin. -->","yoast_head_json":{"title":"Sz\u00e9chenyi 2020 - CEOS - Innovat\u00edv megold\u00e1sok a szerkezettervez\u00e9sben","robots":{"index":"index","follow":"follow","max-snippet":"max-snippet:-1","max-image-preview":"max-image-preview:large","max-video-preview":"max-video-preview:-1"},"canonical":"https:\/\/ceosengineers.hu\/en\/szechenyi-2020\/","og_locale":"en_US","og_type":"article","og_title":"Sz\u00e9chenyi 2020 - CEOS - Innovat\u00edv megold\u00e1sok a szerkezettervez\u00e9sben","og_description":"[vc_row full_width=&#8221;stretch_row_content_no_spaces&#8221;][vc_column][\/vc_column][\/vc_row]","og_url":"https:\/\/ceosengineers.hu\/en\/szechenyi-2020\/","og_site_name":"CEOS - Innovat\u00edv megold\u00e1sok a szerkezettervez\u00e9sben","twitter_card":"summary_large_image","schema":{"@context":"https:\/\/schema.org","@graph":[{"@type":"WebPage","@id":"https:\/\/ceosengineers.hu\/en\/szechenyi-2020\/","url":"https:\/\/ceosengineers.hu\/en\/szechenyi-2020\/","name":"Sz\u00e9chenyi 2020 - CEOS - Innovat\u00edv megold\u00e1sok a szerkezettervez\u00e9sben","isPartOf":{"@id":"https:\/\/ceosengineers.hu\/en\/#website"},"datePublished":"2021-07-23T12:48:42+00:00","breadcrumb":{"@id":"https:\/\/ceosengineers.hu\/en\/szechenyi-2020\/#breadcrumb"},"inLanguage":"en-US","potentialAction":[{"@type":"ReadAction","target":["https:\/\/ceosengineers.hu\/en\/szechenyi-2020\/"]}]},{"@type":"BreadcrumbList","@id":"https:\/\/ceosengineers.hu\/en\/szechenyi-2020\/#breadcrumb","itemListElement":[{"@type":"ListItem","position":1,"name":"Kezd\u0151lap","item":"https:\/\/ceosengineers.hu\/en\/"},{"@type":"ListItem","position":2,"name":"Sz\u00e9chenyi 2020"}]},{"@type":"WebSite","@id":"https:\/\/ceosengineers.hu\/en\/#website","url":"https:\/\/ceosengineers.hu\/en\/","name":"CEOS - Innovat\u00edv megold\u00e1sok a szerkezettervez\u00e9sben","description":"","publisher":{"@id":"https:\/\/ceosengineers.hu\/en\/#organization"},"potentialAction":[{"@type":"SearchAction","target":{"@type":"EntryPoint","urlTemplate":"https:\/\/ceosengineers.hu\/en\/?s={search_term_string}"},"query-input":{"@type":"PropertyValueSpecification","valueRequired":true,"valueName":"search_term_string"}}],"inLanguage":"en-US"},{"@type":"Organization","@id":"https:\/\/ceosengineers.hu\/en\/#organization","name":"CEOS - Innovat\u00edv megold\u00e1sok a szerkezettervez\u00e9sben","url":"https:\/\/ceosengineers.hu\/en\/","logo":{"@type":"ImageObject","inLanguage":"en-US","@id":"https:\/\/ceosengineers.hu\/en\/#\/schema\/logo\/image\/","url":"https:\/\/ceosengineers.hu\/wp-content\/uploads\/2020\/12\/ceos.png","contentUrl":"https:\/\/ceosengineers.hu\/wp-content\/uploads\/2020\/12\/ceos.png","width":523,"height":97,"caption":"CEOS - Innovat\u00edv megold\u00e1sok a szerkezettervez\u00e9sben"},"image":{"@id":"https:\/\/ceosengineers.hu\/en\/#\/schema\/logo\/image\/"}}]}},"_links":{"self":[{"href":"https:\/\/ceosengineers.hu\/en\/wp-json\/wp\/v2\/pages\/1183","targetHints":{"allow":["GET"]}}],"collection":[{"href":"https:\/\/ceosengineers.hu\/en\/wp-json\/wp\/v2\/pages"}],"about":[{"href":"https:\/\/ceosengineers.hu\/en\/wp-json\/wp\/v2\/types\/page"}],"author":[{"embeddable":true,"href":"https:\/\/ceosengineers.hu\/en\/wp-json\/wp\/v2\/users\/1"}],"replies":[{"embeddable":true,"href":"https:\/\/ceosengineers.hu\/en\/wp-json\/wp\/v2\/comments?post=1183"}],"version-history":[{"count":1,"href":"https:\/\/ceosengineers.hu\/en\/wp-json\/wp\/v2\/pages\/1183\/revisions"}],"predecessor-version":[{"id":1184,"href":"https:\/\/ceosengineers.hu\/en\/wp-json\/wp\/v2\/pages\/1183\/revisions\/1184"}],"wp:attachment":[{"href":"https:\/\/ceosengineers.hu\/en\/wp-json\/wp\/v2\/media?parent=1183"}],"curies":[{"name":"wp","href":"https:\/\/api.w.org\/{rel}","templated":true}]}}